{"id":7521,"date":"2025-01-10T10:05:46","date_gmt":"2025-01-10T10:05:46","guid":{"rendered":"https:\/\/kcdf.org\/toolkit\/?page_id=7521"},"modified":"2025-01-15T14:54:22","modified_gmt":"2025-01-15T14:54:22","slug":"from-her-hand","status":"publish","type":"page","link":"https:\/\/kcdf.org\/toolkit\/from-her-hand\/","title":{"rendered":"From Her Hand"},"content":{"rendered":"\t\t<div data-elementor-type=\"wp-page\" data-elementor-id=\"7521\" class=\"elementor elementor-7521\" data-elementor-post-type=\"page\">\n\t\t\t\t<div class=\"elementor-element elementor-element-b015cd8 e-flex e-con-boxed e-con e-parent\" data-id=\"b015cd8\" data-element_type=\"container\" data-settings=\"{&quot;background_background&quot;:&quot;classic&quot;}\">\n\t\t\t\t\t<div class=\"e-con-inner\">\n\t\t\t\t\t<\/div>\n\t\t\t\t<\/div>\n\t\t<div class=\"elementor-element elementor-element-e9dc24d e-flex e-con-boxed e-con e-child\" data-id=\"e9dc24d\" data-element_type=\"container\">\n\t\t\t\t\t<div class=\"e-con-inner\">\n\t\t\t\t<div class=\"elementor-element elementor-element-5faeae3 elementor-widget elementor-widget-text-editor\" data-id=\"5faeae3\" data-element_type=\"widget\" data-widget_type=\"text-editor.default\">\n\t\t\t\t<div class=\"elementor-widget-container\">\n\t\t\t<style>\/*! elementor - v3.22.0 - 26-06-2024 *\/\n.elementor-widget-text-editor.elementor-drop-cap-view-stacked .elementor-drop-cap{background-color:#69727d;color:#fff}.elementor-widget-text-editor.elementor-drop-cap-view-framed .elementor-drop-cap{color:#69727d;border:3px solid;background-color:transparent}.elementor-widget-text-editor:not(.elementor-drop-cap-view-default) .elementor-drop-cap{margin-top:8px}.elementor-widget-text-editor:not(.elementor-drop-cap-view-default) .elementor-drop-cap-letter{width:1em;height:1em}.elementor-widget-text-editor .elementor-drop-cap{float:left;text-align:center;line-height:1;font-size:50px}.elementor-widget-text-editor .elementor-drop-cap-letter{display:inline-block}<\/style>\t\t\t\t<p>Kampanja \u201eIz njene ruke\u201c posve\u0107ena je prepoznavanju <strong>snage<\/strong>, <strong>talenta<\/strong> i <strong>kreativnosti<\/strong> \u017eena u preduzetni\u0161tvu. Svaki proizvod koji nosi slogan kampanje pri\u010da pri\u010du o posve\u0107enosti, ve\u0161tini i inovaciji, <strong>kreiran od strane \u017eena<\/strong> koje doprinose poslovnom pejza\u017eu.<\/p><p>Misija kampanje je da <strong>promeni percepcije<\/strong> i <strong>promovi\u0161e<\/strong> doprinose \u017eena, podsti\u010du\u0107i potro\u0161a\u010de da podr\u017ee preduze\u0107a u vlasni\u0161tvu \u017eena i prepoznaju njihovu vrednost na tr\u017ei\u0161tu.<\/p><p><span style=\"color: var( --e-global-color-text ); text-align: var(--text-align);\">\u201eIz njene ruke\u201c poziva sve da se pridru\u017ee pokretu koji odaje priznanje doprinosu \u017eena, menja percepcije i zala\u017ee se za <\/span><strong style=\"color: var( --e-global-color-text ); text-align: var(--text-align);\">inkluzivnije tr\u017ei\u0161te<\/strong><span style=\"color: var( --e-global-color-text ); text-align: var(--text-align);\">. Podr\u017eavanjem ove kampanje postajete deo kolektivnog napora da se slave i osna\u017ee \u017eenska preduze\u0107a u razli\u010ditim industrijama.<\/span><\/p>\t\t\t\t\t\t<\/div>\n\t\t\t\t<\/div>\n\t\t\t\t\t<\/div>\n\t\t\t\t<\/div>\n\t\t<div class=\"elementor-element elementor-element-2fb8d5a e-flex e-con-boxed e-con e-parent\" data-id=\"2fb8d5a\" data-element_type=\"container\">\n\t\t\t\t\t<div class=\"e-con-inner\">\n\t\t\t\t<div class=\"elementor-element elementor-element-8ec1c6f elementor-widget elementor-widget-gallery\" data-id=\"8ec1c6f\" data-element_type=\"widget\" data-settings=\"{&quot;gallery_layout&quot;:&quot;masonry&quot;,&quot;gap&quot;:{&quot;unit&quot;:&quot;px&quot;,&quot;size&quot;:47,&quot;sizes&quot;:[]},&quot;lazyload&quot;:&quot;yes&quot;,&quot;columns&quot;:4,&quot;columns_tablet&quot;:2,&quot;columns_mobile&quot;:1,&quot;gap_tablet&quot;:{&quot;unit&quot;:&quot;px&quot;,&quot;size&quot;:10,&quot;sizes&quot;:[]},&quot;gap_mobile&quot;:{&quot;unit&quot;:&quot;px&quot;,&quot;size&quot;:10,&quot;sizes&quot;:[]},&quot;link_to&quot;:&quot;file&quot;,&quot;overlay_background&quot;:&quot;yes&quot;,&quot;content_hover_animation&quot;:&quot;fade-in&quot;}\" data-widget_type=\"gallery.default\">\n\t\t\t\t<div class=\"elementor-widget-container\">\n\t\t\t<style>\/*! elementor-pro - v3.22.0 - 24-06-2024 *\/\n.elementor-gallery__container{min-height:1px}.elementor-gallery-item{position:relative;overflow:hidden;display:block;text-decoration:none;border:solid var(--image-border-width) var(--image-border-color);border-radius:var(--image-border-radius)}.elementor-gallery-item__content,.elementor-gallery-item__overlay{height:100%;width:100%;position:absolute;top:0;left:0}.elementor-gallery-item__overlay{mix-blend-mode:var(--overlay-mix-blend-mode);transition-duration:var(--overlay-transition-duration);transition-property:mix-blend-mode,transform,opacity,background-color}.elementor-gallery-item__image.e-gallery-image{transition-duration:var(--image-transition-duration);transition-property:filter,transform}.elementor-gallery-item__content{display:flex;flex-direction:column;justify-content:var(--content-justify-content,center);align-items:center;text-align:var(--content-text-align);padding:var(--content-padding)}.elementor-gallery-item__content>div{transition-duration:var(--content-transition-duration)}.elementor-gallery-item__content.elementor-gallery--sequenced-animation>div:nth-child(2){transition-delay:calc(var(--content-transition-delay) \/ 3)}.elementor-gallery-item__content.elementor-gallery--sequenced-animation>div:nth-child(3){transition-delay:calc(var(--content-transition-delay) \/ 3 * 2)}.elementor-gallery-item__content.elementor-gallery--sequenced-animation>div:nth-child(4){transition-delay:calc(var(--content-transition-delay) \/ 3 * 3)}.elementor-gallery-item__description{color:var(--description-text-color,#fff);width:100%}.elementor-gallery-item__title{color:var(--title-text-color,#fff);font-weight:700;width:100%}.elementor-gallery__titles-container{display:flex;flex-wrap:wrap;justify-content:var(--titles-container-justify-content,center);margin-bottom:20px}.elementor-gallery__titles-container:not(.e--pointer-framed) .elementor-item:after,.elementor-gallery__titles-container:not(.e--pointer-framed) .elementor-item:before{background-color:var(--galleries-pointer-bg-color-hover)}.elementor-gallery__titles-container:not(.e--pointer-framed) .elementor-item.elementor-item-active:after,.elementor-gallery__titles-container:not(.e--pointer-framed) .elementor-item.elementor-item-active:before{background-color:var(--galleries-pointer-bg-color-active)}.elementor-gallery__titles-container.e--pointer-framed .elementor-item:before{border-color:var(--galleries-pointer-bg-color-hover);border-width:var(--galleries-pointer-border-width)}.elementor-gallery__titles-container.e--pointer-framed .elementor-item:after{border-color:var(--galleries-pointer-bg-color-hover)}.elementor-gallery__titles-container.e--pointer-framed .elementor-item.elementor-item-active:after,.elementor-gallery__titles-container.e--pointer-framed .elementor-item.elementor-item-active:before{border-color:var(--galleries-pointer-bg-color-active)}.elementor-gallery__titles-container.e--pointer-framed.e--animation-draw .elementor-item:before{border-left-width:var(--galleries-pointer-border-width);border-bottom-width:var(--galleries-pointer-border-width);border-right-width:0;border-top-width:0}.elementor-gallery__titles-container.e--pointer-framed.e--animation-draw .elementor-item:after{border-left-width:0;border-bottom-width:0;border-right-width:var(--galleries-pointer-border-width);border-top-width:var(--galleries-pointer-border-width)}.elementor-gallery__titles-container.e--pointer-framed.e--animation-corners .elementor-item:before{border-left-width:var(--galleries-pointer-border-width);border-bottom-width:0;border-right-width:0;border-top-width:var(--galleries-pointer-border-width)}.elementor-gallery__titles-container.e--pointer-framed.e--animation-corners .elementor-item:after{border-left-width:0;border-bottom-width:var(--galleries-pointer-border-width);border-right-width:var(--galleries-pointer-border-width);border-top-width:0}.elementor-gallery__titles-container .e--pointer-double-line .elementor-item:after,.elementor-gallery__titles-container .e--pointer-double-line .elementor-item:before,.elementor-gallery__titles-container .e--pointer-overline .elementor-item:before,.elementor-gallery__titles-container .e--pointer-underline .elementor-item:after{height:var(--galleries-pointer-border-width)}.elementor-gallery-title{--space-between:10px;cursor:pointer;color:#6d7882;font-weight:500;position:relative;padding:7px 14px;transition:all .3s}.elementor-gallery-title--active{color:#495157}.elementor-gallery-title:not(:last-child){margin-inline-end:var(--space-between)}.elementor-gallery-item__title+.elementor-gallery-item__description{margin-top:var(--description-margin-top)}.e-gallery-item.elementor-gallery-item{transition-property:all}.e-gallery-item.elementor-animated-content .elementor-animated-item--enter-from-bottom,.e-gallery-item.elementor-animated-content .elementor-animated-item--enter-from-left,.e-gallery-item.elementor-animated-content .elementor-animated-item--enter-from-right,.e-gallery-item.elementor-animated-content .elementor-animated-item--enter-from-top,.e-gallery-item:focus .elementor-gallery__item-overlay-bg,.e-gallery-item:focus .elementor-gallery__item-overlay-content,.e-gallery-item:focus .elementor-gallery__item-overlay-content__description,.e-gallery-item:focus .elementor-gallery__item-overlay-content__title,.e-gallery-item:hover .elementor-gallery__item-overlay-bg,.e-gallery-item:hover .elementor-gallery__item-overlay-content,.e-gallery-item:hover .elementor-gallery__item-overlay-content__description,.e-gallery-item:hover .elementor-gallery__item-overlay-content__title{opacity:1}a.elementor-item.elementor-gallery-title{color:var(--galleries-title-color-normal)}a.elementor-item.elementor-gallery-title.elementor-item-active,a.elementor-item.elementor-gallery-title.highlighted,a.elementor-item.elementor-gallery-title:focus,a.elementor-item.elementor-gallery-title:hover{color:var(--galleries-title-color-hover)}a.elementor-item.elementor-gallery-title.elementor-item-active{color:var(--gallery-title-color-active)}.e-con-inner>.elementor-widget-gallery,.e-con>.elementor-widget-gallery{width:var(--container-widget-width);--flex-grow:var(--container-widget-flex-grow)}<\/style>\t\t<div class=\"elementor-gallery__container\">\n\t\t\t\t\t\t\t<a class=\"e-gallery-item elementor-gallery-item elementor-animated-content\" href=\"https:\/\/kcdf.org\/toolkit\/wp-content\/uploads\/2025\/01\/dora-srb-10.jpg\" data-elementor-open-lightbox=\"yes\" data-elementor-lightbox-slideshow=\"8ec1c6f\" data-elementor-lightbox-title=\"dora srb-10\" data-e-action-hash=\"#elementor-action%3Aaction%3Dlightbox%26settings%3DeyJpZCI6NzYyMCwidXJsIjoiaHR0cHM6XC9cL2tjZGYub3JnXC90b29sa2l0XC93cC1jb250ZW50XC91cGxvYWRzXC8yMDI1XC8wMVwvZG9yYS1zcmItMTAuanBnIiwic2xpZGVzaG93IjoiOGVjMWM2ZiJ9\">\n\t\t\t\t\t<div class=\"e-gallery-image elementor-gallery-item__image\" data-thumbnail=\"https:\/\/kcdf.org\/toolkit\/wp-content\/uploads\/2025\/01\/dora-srb-10-300x300.jpg\" data-width=\"300\" data-height=\"300\" aria-label=\"\" role=\"img\" ><\/div>\n\t\t\t\t\t\t\t\t\t\t\t<div class=\"elementor-gallery-item__overlay\"><\/div>\n\t\t\t\t\t\t\t\t\t\t\t\t\t\t<\/a>\n\t\t\t\t\t\t\t<a class=\"e-gallery-item elementor-gallery-item elementor-animated-content\" href=\"https:\/\/kcdf.org\/toolkit\/wp-content\/uploads\/2025\/01\/dora-srb-01.jpg\" data-elementor-open-lightbox=\"yes\" data-elementor-lightbox-slideshow=\"8ec1c6f\" data-elementor-lightbox-title=\"dora srb-01\" data-e-action-hash=\"#elementor-action%3Aaction%3Dlightbox%26settings%3DeyJpZCI6NzYxMSwidXJsIjoiaHR0cHM6XC9cL2tjZGYub3JnXC90b29sa2l0XC93cC1jb250ZW50XC91cGxvYWRzXC8yMDI1XC8wMVwvZG9yYS1zcmItMDEuanBnIiwic2xpZGVzaG93IjoiOGVjMWM2ZiJ9\">\n\t\t\t\t\t<div class=\"e-gallery-image elementor-gallery-item__image\" data-thumbnail=\"https:\/\/kcdf.org\/toolkit\/wp-content\/uploads\/2025\/01\/dora-srb-01-300x300.jpg\" data-width=\"300\" data-height=\"300\" aria-label=\"\" role=\"img\" ><\/div>\n\t\t\t\t\t\t\t\t\t\t\t<div class=\"elementor-gallery-item__overlay\"><\/div>\n\t\t\t\t\t\t\t\t\t\t\t\t\t\t<\/a>\n\t\t\t\t\t\t\t<a class=\"e-gallery-item elementor-gallery-item elementor-animated-content\" href=\"https:\/\/kcdf.org\/toolkit\/wp-content\/uploads\/2025\/01\/dora-srb-07.jpg\" data-elementor-open-lightbox=\"yes\" data-elementor-lightbox-slideshow=\"8ec1c6f\" data-elementor-lightbox-title=\"dora srb-07\" data-e-action-hash=\"#elementor-action%3Aaction%3Dlightbox%26settings%3DeyJpZCI6NzYxNywidXJsIjoiaHR0cHM6XC9cL2tjZGYub3JnXC90b29sa2l0XC93cC1jb250ZW50XC91cGxvYWRzXC8yMDI1XC8wMVwvZG9yYS1zcmItMDcuanBnIiwic2xpZGVzaG93IjoiOGVjMWM2ZiJ9\">\n\t\t\t\t\t<div class=\"e-gallery-image elementor-gallery-item__image\" data-thumbnail=\"https:\/\/kcdf.org\/toolkit\/wp-content\/uploads\/2025\/01\/dora-srb-07-300x300.jpg\" data-width=\"300\" data-height=\"300\" aria-label=\"\" role=\"img\" ><\/div>\n\t\t\t\t\t\t\t\t\t\t\t<div class=\"elementor-gallery-item__overlay\"><\/div>\n\t\t\t\t\t\t\t\t\t\t\t\t\t\t<\/a>\n\t\t\t\t\t\t\t<a class=\"e-gallery-item elementor-gallery-item elementor-animated-content\" href=\"https:\/\/kcdf.org\/toolkit\/wp-content\/uploads\/2025\/01\/dora-srb-05.jpg\" data-elementor-open-lightbox=\"yes\" data-elementor-lightbox-slideshow=\"8ec1c6f\" data-elementor-lightbox-title=\"dora srb-05\" data-e-action-hash=\"#elementor-action%3Aaction%3Dlightbox%26settings%3DeyJpZCI6NzYxNSwidXJsIjoiaHR0cHM6XC9cL2tjZGYub3JnXC90b29sa2l0XC93cC1jb250ZW50XC91cGxvYWRzXC8yMDI1XC8wMVwvZG9yYS1zcmItMDUuanBnIiwic2xpZGVzaG93IjoiOGVjMWM2ZiJ9\">\n\t\t\t\t\t<div class=\"e-gallery-image elementor-gallery-item__image\" data-thumbnail=\"https:\/\/kcdf.org\/toolkit\/wp-content\/uploads\/2025\/01\/dora-srb-05-300x300.jpg\" data-width=\"300\" data-height=\"300\" aria-label=\"\" role=\"img\" ><\/div>\n\t\t\t\t\t\t\t\t\t\t\t<div class=\"elementor-gallery-item__overlay\"><\/div>\n\t\t\t\t\t\t\t\t\t\t\t\t\t\t<\/a>\n\t\t\t\t\t\t\t<a class=\"e-gallery-item elementor-gallery-item elementor-animated-content\" href=\"https:\/\/kcdf.org\/toolkit\/wp-content\/uploads\/2025\/01\/dora-srb-03.jpg\" data-elementor-open-lightbox=\"yes\" data-elementor-lightbox-slideshow=\"8ec1c6f\" data-elementor-lightbox-title=\"dora srb-03\" data-e-action-hash=\"#elementor-action%3Aaction%3Dlightbox%26settings%3DeyJpZCI6NzYxMywidXJsIjoiaHR0cHM6XC9cL2tjZGYub3JnXC90b29sa2l0XC93cC1jb250ZW50XC91cGxvYWRzXC8yMDI1XC8wMVwvZG9yYS1zcmItMDMuanBnIiwic2xpZGVzaG93IjoiOGVjMWM2ZiJ9\">\n\t\t\t\t\t<div class=\"e-gallery-image elementor-gallery-item__image\" data-thumbnail=\"https:\/\/kcdf.org\/toolkit\/wp-content\/uploads\/2025\/01\/dora-srb-03-300x300.jpg\" data-width=\"300\" data-height=\"300\" aria-label=\"\" role=\"img\" ><\/div>\n\t\t\t\t\t\t\t\t\t\t\t<div class=\"elementor-gallery-item__overlay\"><\/div>\n\t\t\t\t\t\t\t\t\t\t\t\t\t\t<\/a>\n\t\t\t\t\t\t\t<a class=\"e-gallery-item elementor-gallery-item elementor-animated-content\" href=\"https:\/\/kcdf.org\/toolkit\/wp-content\/uploads\/2025\/01\/dora-srb-09.jpg\" data-elementor-open-lightbox=\"yes\" data-elementor-lightbox-slideshow=\"8ec1c6f\" data-elementor-lightbox-title=\"dora srb-09\" data-e-action-hash=\"#elementor-action%3Aaction%3Dlightbox%26settings%3DeyJpZCI6NzYxOSwidXJsIjoiaHR0cHM6XC9cL2tjZGYub3JnXC90b29sa2l0XC93cC1jb250ZW50XC91cGxvYWRzXC8yMDI1XC8wMVwvZG9yYS1zcmItMDkuanBnIiwic2xpZGVzaG93IjoiOGVjMWM2ZiJ9\">\n\t\t\t\t\t<div class=\"e-gallery-image elementor-gallery-item__image\" data-thumbnail=\"https:\/\/kcdf.org\/toolkit\/wp-content\/uploads\/2025\/01\/dora-srb-09-300x300.jpg\" data-width=\"300\" data-height=\"300\" aria-label=\"\" role=\"img\" ><\/div>\n\t\t\t\t\t\t\t\t\t\t\t<div class=\"elementor-gallery-item__overlay\"><\/div>\n\t\t\t\t\t\t\t\t\t\t\t\t\t\t<\/a>\n\t\t\t\t\t\t\t<a class=\"e-gallery-item elementor-gallery-item elementor-animated-content\" href=\"https:\/\/kcdf.org\/toolkit\/wp-content\/uploads\/2025\/01\/dora-srb-08.jpg\" data-elementor-open-lightbox=\"yes\" data-elementor-lightbox-slideshow=\"8ec1c6f\" data-elementor-lightbox-title=\"dora srb-08\" data-e-action-hash=\"#elementor-action%3Aaction%3Dlightbox%26settings%3DeyJpZCI6NzYxOCwidXJsIjoiaHR0cHM6XC9cL2tjZGYub3JnXC90b29sa2l0XC93cC1jb250ZW50XC91cGxvYWRzXC8yMDI1XC8wMVwvZG9yYS1zcmItMDguanBnIiwic2xpZGVzaG93IjoiOGVjMWM2ZiJ9\">\n\t\t\t\t\t<div class=\"e-gallery-image elementor-gallery-item__image\" data-thumbnail=\"https:\/\/kcdf.org\/toolkit\/wp-content\/uploads\/2025\/01\/dora-srb-08-300x300.jpg\" data-width=\"300\" data-height=\"300\" aria-label=\"\" role=\"img\" ><\/div>\n\t\t\t\t\t\t\t\t\t\t\t<div class=\"elementor-gallery-item__overlay\"><\/div>\n\t\t\t\t\t\t\t\t\t\t\t\t\t\t<\/a>\n\t\t\t\t\t\t\t<a class=\"e-gallery-item elementor-gallery-item elementor-animated-content\" href=\"https:\/\/kcdf.org\/toolkit\/wp-content\/uploads\/2025\/01\/dora-srb-06.jpg\" data-elementor-open-lightbox=\"yes\" data-elementor-lightbox-slideshow=\"8ec1c6f\" data-elementor-lightbox-title=\"dora srb-06\" data-e-action-hash=\"#elementor-action%3Aaction%3Dlightbox%26settings%3DeyJpZCI6NzYxNiwidXJsIjoiaHR0cHM6XC9cL2tjZGYub3JnXC90b29sa2l0XC93cC1jb250ZW50XC91cGxvYWRzXC8yMDI1XC8wMVwvZG9yYS1zcmItMDYuanBnIiwic2xpZGVzaG93IjoiOGVjMWM2ZiJ9\">\n\t\t\t\t\t<div class=\"e-gallery-image elementor-gallery-item__image\" data-thumbnail=\"https:\/\/kcdf.org\/toolkit\/wp-content\/uploads\/2025\/01\/dora-srb-06-300x300.jpg\" data-width=\"300\" data-height=\"300\" aria-label=\"\" role=\"img\" ><\/div>\n\t\t\t\t\t\t\t\t\t\t\t<div class=\"elementor-gallery-item__overlay\"><\/div>\n\t\t\t\t\t\t\t\t\t\t\t\t\t\t<\/a>\n\t\t\t\t\t\t\t<a class=\"e-gallery-item elementor-gallery-item elementor-animated-content\" href=\"https:\/\/kcdf.org\/toolkit\/wp-content\/uploads\/2025\/01\/dora-srb-04.jpg\" data-elementor-open-lightbox=\"yes\" data-elementor-lightbox-slideshow=\"8ec1c6f\" data-elementor-lightbox-title=\"dora srb-04\" data-e-action-hash=\"#elementor-action%3Aaction%3Dlightbox%26settings%3DeyJpZCI6NzYxNCwidXJsIjoiaHR0cHM6XC9cL2tjZGYub3JnXC90b29sa2l0XC93cC1jb250ZW50XC91cGxvYWRzXC8yMDI1XC8wMVwvZG9yYS1zcmItMDQuanBnIiwic2xpZGVzaG93IjoiOGVjMWM2ZiJ9\">\n\t\t\t\t\t<div class=\"e-gallery-image elementor-gallery-item__image\" data-thumbnail=\"https:\/\/kcdf.org\/toolkit\/wp-content\/uploads\/2025\/01\/dora-srb-04-300x300.jpg\" data-width=\"300\" data-height=\"300\" aria-label=\"\" role=\"img\" ><\/div>\n\t\t\t\t\t\t\t\t\t\t\t<div class=\"elementor-gallery-item__overlay\"><\/div>\n\t\t\t\t\t\t\t\t\t\t\t\t\t\t<\/a>\n\t\t\t\t\t\t\t<a class=\"e-gallery-item elementor-gallery-item elementor-animated-content\" href=\"https:\/\/kcdf.org\/toolkit\/wp-content\/uploads\/2025\/01\/dora-srb-02.jpg\" data-elementor-open-lightbox=\"yes\" data-elementor-lightbox-slideshow=\"8ec1c6f\" data-elementor-lightbox-title=\"dora srb-02\" data-e-action-hash=\"#elementor-action%3Aaction%3Dlightbox%26settings%3DeyJpZCI6NzYxMiwidXJsIjoiaHR0cHM6XC9cL2tjZGYub3JnXC90b29sa2l0XC93cC1jb250ZW50XC91cGxvYWRzXC8yMDI1XC8wMVwvZG9yYS1zcmItMDIuanBnIiwic2xpZGVzaG93IjoiOGVjMWM2ZiJ9\">\n\t\t\t\t\t<div class=\"e-gallery-image elementor-gallery-item__image\" data-thumbnail=\"https:\/\/kcdf.org\/toolkit\/wp-content\/uploads\/2025\/01\/dora-srb-02-300x300.jpg\" data-width=\"300\" data-height=\"300\" aria-label=\"\" role=\"img\" ><\/div>\n\t\t\t\t\t\t\t\t\t\t\t<div class=\"elementor-gallery-item__overlay\"><\/div>\n\t\t\t\t\t\t\t\t\t\t\t\t\t\t<\/a>\n\t\t\t\t\t<\/div>\n\t\t\t<\/div>\n\t\t\t\t<\/div>\n\t\t\t\t\t<\/div>\n\t\t\t\t<\/div>\n\t\t\t\t<\/div>\n\t\t","protected":false},"excerpt":{"rendered":"<p>Kampanja \u201eIz njene ruke\u201c posve\u0107ena je prepoznavanju snage, talenta i kreativnosti \u017eena u preduzetni\u0161tvu. Svaki proizvod koji nosi slogan kampanje pri\u010da pri\u010du o posve\u0107enosti, ve\u0161tini i inovaciji, kreiran od strane [&hellip;]<\/p>\n","protected":false},"author":3,"featured_media":0,"parent":0,"menu_order":0,"comment_status":"closed","ping_status":"closed","template":"","meta":{"footnotes":""},"class_list":["post-7521","page","type-page","status-publish","hentry"],"yoast_head":"<!-- This site is optimized with the Yoast SEO Premium plugin v21.5 (Yoast SEO v21.5) - https:\/\/yoast.com\/wordpress\/plugins\/seo\/ -->\n<title>From Her Hand - Inclusive Economic Engagement<\/title>\n<meta name=\"robots\" content=\"index, follow, max-snippet:-1, max-image-preview:large, max-video-preview:-1\" \/>\n<link rel=\"canonical\" href=\"https:\/\/kcdf.org\/toolkit\/from-her-hand\/\" \/>\n<meta property=\"og:locale\" content=\"en_US\" \/>\n<meta property=\"og:type\" content=\"article\" \/>\n<meta property=\"og:title\" content=\"From Her Hand\" \/>\n<meta property=\"og:description\" content=\"Kampanja \u201eIz njene ruke\u201c posve\u0107ena je prepoznavanju snage, talenta i kreativnosti \u017eena u preduzetni\u0161tvu. Svaki proizvod koji nosi slogan kampanje pri\u010da pri\u010du o posve\u0107enosti, ve\u0161tini i inovaciji, kreiran od strane [&hellip;]\" \/>\n<meta property=\"og:url\" content=\"https:\/\/kcdf.org\/toolkit\/from-her-hand\/\" \/>\n<meta property=\"og:site_name\" content=\"Inclusive Economic Engagement\" \/>\n<meta property=\"article:modified_time\" content=\"2025-01-15T14:54:22+00:00\" \/>\n<meta property=\"og:image\" content=\"https:\/\/kcdf.org\/toolkit\/wp-content\/uploads\/2023\/08\/emma-dau-n_4iTY1KmDE-unsplash-scaled.jpg\" \/>\n\t<meta property=\"og:image:width\" content=\"2560\" \/>\n\t<meta property=\"og:image:height\" content=\"1707\" \/>\n\t<meta property=\"og:image:type\" content=\"image\/jpeg\" \/>\n<meta name=\"twitter:card\" content=\"summary_large_image\" \/>\n<meta name=\"twitter:label1\" content=\"Est. reading time\" \/>\n\t<meta name=\"twitter:data1\" content=\"1 minute\" \/>\n<script type=\"application\/ld+json\" class=\"yoast-schema-graph\">{\"@context\":\"https:\/\/schema.org\",\"@graph\":[{\"@type\":\"WebPage\",\"@id\":\"https:\/\/kcdf.org\/toolkit\/from-her-hand\/\",\"url\":\"https:\/\/kcdf.org\/toolkit\/from-her-hand\/\",\"name\":\"From Her Hand - Inclusive Economic Engagement\",\"isPartOf\":{\"@id\":\"https:\/\/kcdf.org\/toolkit\/#website\"},\"datePublished\":\"2025-01-10T10:05:46+00:00\",\"dateModified\":\"2025-01-15T14:54:22+00:00\",\"breadcrumb\":{\"@id\":\"https:\/\/kcdf.org\/toolkit\/from-her-hand\/#breadcrumb\"},\"inLanguage\":\"en-US\",\"potentialAction\":[{\"@type\":\"ReadAction\",\"target\":[\"https:\/\/kcdf.org\/toolkit\/from-her-hand\/\"]}]},{\"@type\":\"BreadcrumbList\",\"@id\":\"https:\/\/kcdf.org\/toolkit\/from-her-hand\/#breadcrumb\",\"itemListElement\":[{\"@type\":\"ListItem\",\"position\":1,\"name\":\"Home\",\"item\":\"https:\/\/kcdf.org\/toolkit\/\"},{\"@type\":\"ListItem\",\"position\":2,\"name\":\"From Her Hand\"}]},{\"@type\":\"WebSite\",\"@id\":\"https:\/\/kcdf.org\/toolkit\/#website\",\"url\":\"https:\/\/kcdf.org\/toolkit\/\",\"name\":\"Inclusive Economic Engagement\",\"description\":\"\",\"potentialAction\":[{\"@type\":\"SearchAction\",\"target\":{\"@type\":\"EntryPoint\",\"urlTemplate\":\"https:\/\/kcdf.org\/toolkit\/?s={search_term_string}\"},\"query-input\":\"required name=search_term_string\"}],\"inLanguage\":\"en-US\"}]}<\/script>\n<!-- \/ Yoast SEO Premium plugin. -->","yoast_head_json":{"title":"From Her Hand - Inclusive Economic Engagement","robots":{"index":"index","follow":"follow","max-snippet":"max-snippet:-1","max-image-preview":"max-image-preview:large","max-video-preview":"max-video-preview:-1"},"canonical":"https:\/\/kcdf.org\/toolkit\/from-her-hand\/","og_locale":"en_US","og_type":"article","og_title":"From Her Hand","og_description":"Kampanja \u201eIz njene ruke\u201c posve\u0107ena je prepoznavanju snage, talenta i kreativnosti \u017eena u preduzetni\u0161tvu. Svaki proizvod koji nosi slogan kampanje pri\u010da pri\u010du o posve\u0107enosti, ve\u0161tini i inovaciji, kreiran od strane [&hellip;]","og_url":"https:\/\/kcdf.org\/toolkit\/from-her-hand\/","og_site_name":"Inclusive Economic Engagement","article_modified_time":"2025-01-15T14:54:22+00:00","og_image":[{"width":2560,"height":1707,"url":"https:\/\/kcdf.org\/toolkit\/wp-content\/uploads\/2023\/08\/emma-dau-n_4iTY1KmDE-unsplash-scaled.jpg","type":"image\/jpeg"}],"twitter_card":"summary_large_image","twitter_misc":{"Est. reading time":"1 minute"},"schema":{"@context":"https:\/\/schema.org","@graph":[{"@type":"WebPage","@id":"https:\/\/kcdf.org\/toolkit\/from-her-hand\/","url":"https:\/\/kcdf.org\/toolkit\/from-her-hand\/","name":"From Her Hand - Inclusive Economic Engagement","isPartOf":{"@id":"https:\/\/kcdf.org\/toolkit\/#website"},"datePublished":"2025-01-10T10:05:46+00:00","dateModified":"2025-01-15T14:54:22+00:00","breadcrumb":{"@id":"https:\/\/kcdf.org\/toolkit\/from-her-hand\/#breadcrumb"},"inLanguage":"en-US","potentialAction":[{"@type":"ReadAction","target":["https:\/\/kcdf.org\/toolkit\/from-her-hand\/"]}]},{"@type":"BreadcrumbList","@id":"https:\/\/kcdf.org\/toolkit\/from-her-hand\/#breadcrumb","itemListElement":[{"@type":"ListItem","position":1,"name":"Home","item":"https:\/\/kcdf.org\/toolkit\/"},{"@type":"ListItem","position":2,"name":"From Her Hand"}]},{"@type":"WebSite","@id":"https:\/\/kcdf.org\/toolkit\/#website","url":"https:\/\/kcdf.org\/toolkit\/","name":"Inclusive Economic Engagement","description":"","potentialAction":[{"@type":"SearchAction","target":{"@type":"EntryPoint","urlTemplate":"https:\/\/kcdf.org\/toolkit\/?s={search_term_string}"},"query-input":"required name=search_term_string"}],"inLanguage":"en-US"}]}},"_links":{"self":[{"href":"https:\/\/kcdf.org\/toolkit\/wp-json\/wp\/v2\/pages\/7521"}],"collection":[{"href":"https:\/\/kcdf.org\/toolkit\/wp-json\/wp\/v2\/pages"}],"about":[{"href":"https:\/\/kcdf.org\/toolkit\/wp-json\/wp\/v2\/types\/page"}],"author":[{"embeddable":true,"href":"https:\/\/kcdf.org\/toolkit\/wp-json\/wp\/v2\/users\/3"}],"replies":[{"embeddable":true,"href":"https:\/\/kcdf.org\/toolkit\/wp-json\/wp\/v2\/comments?post=7521"}],"version-history":[{"count":10,"href":"https:\/\/kcdf.org\/toolkit\/wp-json\/wp\/v2\/pages\/7521\/revisions"}],"predecessor-version":[{"id":7657,"href":"https:\/\/kcdf.org\/toolkit\/wp-json\/wp\/v2\/pages\/7521\/revisions\/7657"}],"wp:attachment":[{"href":"https:\/\/kcdf.org\/toolkit\/wp-json\/wp\/v2\/media?parent=7521"}],"curies":[{"name":"wp","href":"https:\/\/api.w.org\/{rel}","templated":true}]}}