{"id":3496,"date":"2023-09-07T13:33:25","date_gmt":"2023-09-07T13:33:25","guid":{"rendered":"https:\/\/toolkit.bbroshost.com\/?page_id=3496"},"modified":"2024-02-15T19:47:21","modified_gmt":"2024-02-15T19:47:21","slug":"poslovno-planiranje","status":"publish","type":"page","link":"https:\/\/kcdf.org\/toolkit\/sr\/poslovno-planiranje\/","title":{"rendered":"Poslovno planiranje"},"content":{"rendered":"\t\t<div data-elementor-type=\"wp-page\" data-elementor-id=\"3496\" class=\"elementor elementor-3496\" data-elementor-post-type=\"page\">\n\t\t\t\t<div class=\"elementor-element elementor-element-36d0a3a e-flex e-con-boxed e-con e-parent\" data-id=\"36d0a3a\" data-element_type=\"container\" data-settings=\"{&quot;background_background&quot;:&quot;classic&quot;}\">\n\t\t\t\t\t<div class=\"e-con-inner\">\n\t\t\t\t<div class=\"elementor-element elementor-element-e3f9b17 elementor-widget elementor-widget-heading\" data-id=\"e3f9b17\" data-element_type=\"widget\" data-widget_type=\"heading.default\">\n\t\t\t\t<div class=\"elementor-widget-container\">\n\t\t\t<style>\/*! elementor - v3.22.0 - 26-06-2024 *\/\n.elementor-heading-title{padding:0;margin:0;line-height:1}.elementor-widget-heading .elementor-heading-title[class*=elementor-size-]>a{color:inherit;font-size:inherit;line-height:inherit}.elementor-widget-heading .elementor-heading-title.elementor-size-small{font-size:15px}.elementor-widget-heading .elementor-heading-title.elementor-size-medium{font-size:19px}.elementor-widget-heading .elementor-heading-title.elementor-size-large{font-size:29px}.elementor-widget-heading .elementor-heading-title.elementor-size-xl{font-size:39px}.elementor-widget-heading .elementor-heading-title.elementor-size-xxl{font-size:59px}<\/style><h1 class=\"elementor-heading-title elementor-size-default\">Alati i \u0161abloni za poslovno planiranje<\/h1>\t\t<\/div>\n\t\t\t\t<\/div>\n\t\t\t\t\t<\/div>\n\t\t\t\t<\/div>\n\t\t<div class=\"elementor-element elementor-element-47b3e53 e-flex e-con-boxed e-con e-parent\" data-id=\"47b3e53\" data-element_type=\"container\">\n\t\t\t\t\t<div class=\"e-con-inner\">\n\t\t\t\t<div class=\"elementor-element elementor-element-80b161f elementor-widget__width-inherit elementor-align-left elementor-icon-list--layout-traditional elementor-list-item-link-full_width elementor-widget elementor-widget-icon-list\" data-id=\"80b161f\" data-element_type=\"widget\" data-widget_type=\"icon-list.default\">\n\t\t\t\t<div class=\"elementor-widget-container\">\n\t\t\t<link rel=\"stylesheet\" href=\"https:\/\/kcdf.org\/toolkit\/wp-content\/plugins\/elementor\/assets\/css\/widget-icon-list.min.css\">\t\t<ul class=\"elementor-icon-list-items\">\n\t\t\t\t\t\t\t<li class=\"elementor-icon-list-item\">\n\t\t\t\t\t\t\t\t\t\t\t<a href=\"https:\/\/kcdf.org\/toolkit\/wp-content\/uploads\/2024\/02\/2023-Business-Model-Canvas-Template_serb-1.docx\" target=\"_blank\">\n\n\t\t\t\t\t\t\t\t\t\t\t\t<span class=\"elementor-icon-list-icon\">\n\t\t\t\t\t\t\t<i aria-hidden=\"true\" class=\"far fa-file-word\"><\/i>\t\t\t\t\t\t<\/span>\n\t\t\t\t\t\t\t\t\t\t<span class=\"elementor-icon-list-text\">\u0160ablon platna poslovnog modela<\/span>\n\t\t\t\t\t\t\t\t\t\t\t<\/a>\n\t\t\t\t\t\t\t\t\t<\/li>\n\t\t\t\t\t\t\t\t<li class=\"elementor-icon-list-item\">\n\t\t\t\t\t\t\t\t\t\t\t<a href=\"https:\/\/kcdf.org\/toolkit\/wp-content\/uploads\/2024\/02\/Marketing-Plan-Template_serb.docx\" target=\"_blank\">\n\n\t\t\t\t\t\t\t\t\t\t\t\t<span class=\"elementor-icon-list-icon\">\n\t\t\t\t\t\t\t<i aria-hidden=\"true\" class=\"far fa-file-word\"><\/i>\t\t\t\t\t\t<\/span>\n\t\t\t\t\t\t\t\t\t\t<span class=\"elementor-icon-list-text\">\u0160ablon marketing plana<\/span>\n\t\t\t\t\t\t\t\t\t\t\t<\/a>\n\t\t\t\t\t\t\t\t\t<\/li>\n\t\t\t\t\t\t\t\t<li class=\"elementor-icon-list-item\">\n\t\t\t\t\t\t\t\t\t\t\t<a href=\"https:\/\/kcdf.org\/toolkit\/wp-content\/uploads\/2023\/09\/Marketing-Mix-Template_serb.docx\">\n\n\t\t\t\t\t\t\t\t\t\t\t\t<span class=\"elementor-icon-list-icon\">\n\t\t\t\t\t\t\t<i aria-hidden=\"true\" class=\"far fa-file-word\"><\/i>\t\t\t\t\t\t<\/span>\n\t\t\t\t\t\t\t\t\t\t<span class=\"elementor-icon-list-text\">\u0160ablon marketing miksa<\/span>\n\t\t\t\t\t\t\t\t\t\t\t<\/a>\n\t\t\t\t\t\t\t\t\t<\/li>\n\t\t\t\t\t\t\t\t<li class=\"elementor-icon-list-item\">\n\t\t\t\t\t\t\t\t\t\t\t<a href=\"https:\/\/kcdf.org\/toolkit\/wp-content\/uploads\/2023\/09\/Product_Market_Fit_Canvas_for_MSMEs_serb.docx\" target=\"_blank\">\n\n\t\t\t\t\t\t\t\t\t\t\t\t<span class=\"elementor-icon-list-icon\">\n\t\t\t\t\t\t\t<i aria-hidden=\"true\" class=\"far fa-file-word\"><\/i>\t\t\t\t\t\t<\/span>\n\t\t\t\t\t\t\t\t\t\t<span class=\"elementor-icon-list-text\">Tr\u017ei\u0161te proizvoda odgovara \u0161ablonu platna<\/span>\n\t\t\t\t\t\t\t\t\t\t\t<\/a>\n\t\t\t\t\t\t\t\t\t<\/li>\n\t\t\t\t\t\t\t\t<li class=\"elementor-icon-list-item\">\n\t\t\t\t\t\t\t\t\t\t\t<a href=\"https:\/\/kcdf.org\/toolkit\/wp-content\/uploads\/2024\/01\/Sales-Proposal-Template_serb.docx\">\n\n\t\t\t\t\t\t\t\t\t\t\t\t<span class=\"elementor-icon-list-icon\">\n\t\t\t\t\t\t\t<i aria-hidden=\"true\" class=\"far fa-file-word\"><\/i>\t\t\t\t\t\t<\/span>\n\t\t\t\t\t\t\t\t\t\t<span class=\"elementor-icon-list-text\">\u0160ablon prodajnog predloga<\/span>\n\t\t\t\t\t\t\t\t\t\t\t<\/a>\n\t\t\t\t\t\t\t\t\t<\/li>\n\t\t\t\t\t\t\t\t<li class=\"elementor-icon-list-item\">\n\t\t\t\t\t\t\t\t\t\t\t<a href=\"https:\/\/kcdf.org\/toolkit\/wp-content\/uploads\/2024\/01\/PitchDeck-Template_serb.pptx\">\n\n\t\t\t\t\t\t\t\t\t\t\t\t<span class=\"elementor-icon-list-icon\">\n\t\t\t\t\t\t\t<i aria-hidden=\"true\" class=\"far fa-file-powerpoint\"><\/i>\t\t\t\t\t\t<\/span>\n\t\t\t\t\t\t\t\t\t\t<span class=\"elementor-icon-list-text\">Pitchdeck \u0161ablon<\/span>\n\t\t\t\t\t\t\t\t\t\t\t<\/a>\n\t\t\t\t\t\t\t\t\t<\/li>\n\t\t\t\t\t\t<\/ul>\n\t\t\t\t<\/div>\n\t\t\t\t<\/div>\n\t\t\t\t\t<\/div>\n\t\t\t\t<\/div>\n\t\t\t\t<\/div>\n\t\t","protected":false},"excerpt":{"rendered":"<p>Alati i \u0161abloni za poslovno planiranje \u0160ablon platna poslovnog modela \u0160ablon marketing plana \u0160ablon marketing miksa Tr\u017ei\u0161te proizvoda odgovara \u0161ablonu platna \u0160ablon prodajnog predloga Pitchdeck \u0161ablon<\/p>\n","protected":false},"author":1,"featured_media":0,"parent":0,"menu_order":0,"comment_status":"closed","ping_status":"closed","template":"","meta":{"footnotes":""},"class_list":["post-3496","page","type-page","status-publish","hentry"],"yoast_head":"<!-- This site is optimized with the Yoast SEO Premium plugin v21.5 (Yoast SEO v21.5) - https:\/\/yoast.com\/wordpress\/plugins\/seo\/ -->\n<title>Poslovno planiranje - Inclusive Economic Engagement<\/title>\n<meta name=\"robots\" content=\"index, follow, max-snippet:-1, max-image-preview:large, max-video-preview:-1\" \/>\n<link rel=\"canonical\" href=\"https:\/\/kcdf.org\/toolkit\/sr\/poslovno-planiranje\/\" \/>\n<meta property=\"og:locale\" content=\"en_US\" \/>\n<meta property=\"og:type\" content=\"article\" \/>\n<meta property=\"og:title\" content=\"Poslovno planiranje\" \/>\n<meta property=\"og:description\" content=\"Alati i \u0161abloni za poslovno planiranje \u0160ablon platna poslovnog modela \u0160ablon marketing plana \u0160ablon marketing miksa Tr\u017ei\u0161te proizvoda odgovara \u0161ablonu platna \u0160ablon prodajnog predloga Pitchdeck \u0161ablon\" \/>\n<meta property=\"og:url\" content=\"https:\/\/kcdf.org\/toolkit\/sr\/poslovno-planiranje\/\" \/>\n<meta property=\"og:site_name\" content=\"Inclusive Economic Engagement\" \/>\n<meta property=\"article:modified_time\" content=\"2024-02-15T19:47:21+00:00\" \/>\n<meta property=\"og:image\" content=\"https:\/\/kcdf.org\/toolkit\/wp-content\/uploads\/2023\/08\/emma-dau-n_4iTY1KmDE-unsplash-scaled.jpg\" \/>\n\t<meta property=\"og:image:width\" content=\"2560\" \/>\n\t<meta property=\"og:image:height\" content=\"1707\" \/>\n\t<meta property=\"og:image:type\" content=\"image\/jpeg\" \/>\n<meta name=\"twitter:card\" content=\"summary_large_image\" \/>\n<meta name=\"twitter:label1\" content=\"Est. reading time\" \/>\n\t<meta name=\"twitter:data1\" content=\"1 minute\" \/>\n<script type=\"application\/ld+json\" class=\"yoast-schema-graph\">{\"@context\":\"https:\/\/schema.org\",\"@graph\":[{\"@type\":\"WebPage\",\"@id\":\"https:\/\/kcdf.org\/toolkit\/sr\/poslovno-planiranje\/\",\"url\":\"https:\/\/kcdf.org\/toolkit\/sr\/poslovno-planiranje\/\",\"name\":\"Poslovno planiranje - Inclusive Economic Engagement\",\"isPartOf\":{\"@id\":\"https:\/\/kcdf.org\/toolkit\/#website\"},\"datePublished\":\"2023-09-07T13:33:25+00:00\",\"dateModified\":\"2024-02-15T19:47:21+00:00\",\"breadcrumb\":{\"@id\":\"https:\/\/kcdf.org\/toolkit\/sr\/poslovno-planiranje\/#breadcrumb\"},\"inLanguage\":\"en-US\",\"potentialAction\":[{\"@type\":\"ReadAction\",\"target\":[\"https:\/\/kcdf.org\/toolkit\/sr\/poslovno-planiranje\/\"]}]},{\"@type\":\"BreadcrumbList\",\"@id\":\"https:\/\/kcdf.org\/toolkit\/sr\/poslovno-planiranje\/#breadcrumb\",\"itemListElement\":[{\"@type\":\"ListItem\",\"position\":1,\"name\":\"Home\",\"item\":\"https:\/\/kcdf.org\/toolkit\/\"},{\"@type\":\"ListItem\",\"position\":2,\"name\":\"Poslovno planiranje\"}]},{\"@type\":\"WebSite\",\"@id\":\"https:\/\/kcdf.org\/toolkit\/#website\",\"url\":\"https:\/\/kcdf.org\/toolkit\/\",\"name\":\"Inclusive Economic Engagement\",\"description\":\"\",\"potentialAction\":[{\"@type\":\"SearchAction\",\"target\":{\"@type\":\"EntryPoint\",\"urlTemplate\":\"https:\/\/kcdf.org\/toolkit\/?s={search_term_string}\"},\"query-input\":\"required name=search_term_string\"}],\"inLanguage\":\"en-US\"}]}<\/script>\n<!-- \/ Yoast SEO Premium plugin. -->","yoast_head_json":{"title":"Poslovno planiranje - Inclusive Economic Engagement","robots":{"index":"index","follow":"follow","max-snippet":"max-snippet:-1","max-image-preview":"max-image-preview:large","max-video-preview":"max-video-preview:-1"},"canonical":"https:\/\/kcdf.org\/toolkit\/sr\/poslovno-planiranje\/","og_locale":"en_US","og_type":"article","og_title":"Poslovno planiranje","og_description":"Alati i \u0161abloni za poslovno planiranje \u0160ablon platna poslovnog modela \u0160ablon marketing plana \u0160ablon marketing miksa Tr\u017ei\u0161te proizvoda odgovara \u0161ablonu platna \u0160ablon prodajnog predloga Pitchdeck \u0161ablon","og_url":"https:\/\/kcdf.org\/toolkit\/sr\/poslovno-planiranje\/","og_site_name":"Inclusive Economic Engagement","article_modified_time":"2024-02-15T19:47:21+00:00","og_image":[{"width":2560,"height":1707,"url":"https:\/\/kcdf.org\/toolkit\/wp-content\/uploads\/2023\/08\/emma-dau-n_4iTY1KmDE-unsplash-scaled.jpg","type":"image\/jpeg"}],"twitter_card":"summary_large_image","twitter_misc":{"Est. reading time":"1 minute"},"schema":{"@context":"https:\/\/schema.org","@graph":[{"@type":"WebPage","@id":"https:\/\/kcdf.org\/toolkit\/sr\/poslovno-planiranje\/","url":"https:\/\/kcdf.org\/toolkit\/sr\/poslovno-planiranje\/","name":"Poslovno planiranje - Inclusive Economic Engagement","isPartOf":{"@id":"https:\/\/kcdf.org\/toolkit\/#website"},"datePublished":"2023-09-07T13:33:25+00:00","dateModified":"2024-02-15T19:47:21+00:00","breadcrumb":{"@id":"https:\/\/kcdf.org\/toolkit\/sr\/poslovno-planiranje\/#breadcrumb"},"inLanguage":"en-US","potentialAction":[{"@type":"ReadAction","target":["https:\/\/kcdf.org\/toolkit\/sr\/poslovno-planiranje\/"]}]},{"@type":"BreadcrumbList","@id":"https:\/\/kcdf.org\/toolkit\/sr\/poslovno-planiranje\/#breadcrumb","itemListElement":[{"@type":"ListItem","position":1,"name":"Home","item":"https:\/\/kcdf.org\/toolkit\/"},{"@type":"ListItem","position":2,"name":"Poslovno planiranje"}]},{"@type":"WebSite","@id":"https:\/\/kcdf.org\/toolkit\/#website","url":"https:\/\/kcdf.org\/toolkit\/","name":"Inclusive Economic Engagement","description":"","potentialAction":[{"@type":"SearchAction","target":{"@type":"EntryPoint","urlTemplate":"https:\/\/kcdf.org\/toolkit\/?s={search_term_string}"},"query-input":"required name=search_term_string"}],"inLanguage":"en-US"}]}},"_links":{"self":[{"href":"https:\/\/kcdf.org\/toolkit\/wp-json\/wp\/v2\/pages\/3496"}],"collection":[{"href":"https:\/\/kcdf.org\/toolkit\/wp-json\/wp\/v2\/pages"}],"about":[{"href":"https:\/\/kcdf.org\/toolkit\/wp-json\/wp\/v2\/types\/page"}],"author":[{"embeddable":true,"href":"https:\/\/kcdf.org\/toolkit\/wp-json\/wp\/v2\/users\/1"}],"replies":[{"embeddable":true,"href":"https:\/\/kcdf.org\/toolkit\/wp-json\/wp\/v2\/comments?post=3496"}],"version-history":[{"count":0,"href":"https:\/\/kcdf.org\/toolkit\/wp-json\/wp\/v2\/pages\/3496\/revisions"}],"wp:attachment":[{"href":"https:\/\/kcdf.org\/toolkit\/wp-json\/wp\/v2\/media?parent=3496"}],"curies":[{"name":"wp","href":"https:\/\/api.w.org\/{rel}","templated":true}]}}